{"id":385,"date":"2023-11-28T10:45:27","date_gmt":"2023-11-28T09:45:27","guid":{"rendered":"https:\/\/www.kananas.com\/meusevergerstraditions\/?page_id=385"},"modified":"2023-11-28T10:45:27","modified_gmt":"2023-11-28T09:45:27","slug":"liste-des-bouilleurs-ambulants","status":"publish","type":"page","link":"https:\/\/wordpress.ligny.martinet.cloud\/index.php\/plus\/liste-des-bouilleurs-ambulants\/","title":{"rendered":"Liste des Bouilleurs Ambulants"},"content":{"rendered":"<p>Liste des Professionnels :\u00a0 Bouilleurs ambulants (Distillateurs professionnels) et transformateurs de Fruits, membres de l&rsquo;Association MVT :<\/p>\n<p><img loading=\"lazy\" decoding=\"async\" class=\"alignnone  wp-image-832 aligncenter\" src=\"https:\/\/wordpress.ligny.martinet.cloud\/wp-content\/uploads\/2023\/12\/Ambulants_Adh_V2-294x300.jpg\" alt=\"\" width=\"579\" height=\"591\" srcset=\"https:\/\/wordpress.ligny.martinet.cloud\/wp-content\/uploads\/2023\/12\/Ambulants_Adh_V2-294x300.jpg 294w, https:\/\/wordpress.ligny.martinet.cloud\/wp-content\/uploads\/2023\/12\/Ambulants_Adh_V2-768x783.jpg 768w, https:\/\/wordpress.ligny.martinet.cloud\/wp-content\/uploads\/2023\/12\/Ambulants_Adh_V2.jpg 804w\" sizes=\"auto, (max-width: 579px) 100vw, 579px\" \/><\/p>\n<p>N&rsquo;h\u00e9sitez pas \u00e0 nous contacter pour tout renseignement compl\u00e9mentaire<\/p>\n<p>&nbsp;<\/p>\n","protected":false},"excerpt":{"rendered":"<p>Liste des Professionnels :\u00a0 Bouilleurs ambulants (Distillateurs professionnels) et transformateurs de Fruits, membres de l&rsquo;Association MVT : N&rsquo;h\u00e9sitez pas \u00e0 nous contacter pour tout renseignement compl\u00e9mentaire &nbsp;<\/p>\n","protected":false},"author":1,"featured_media":0,"parent":370,"menu_order":1,"comment_status":"closed","ping_status":"closed","template":"","meta":{"footnotes":""},"class_list":["post-385","page","type-page","status-publish","hentry"],"_links":{"self":[{"href":"https:\/\/wordpress.ligny.martinet.cloud\/index.php\/wp-json\/wp\/v2\/pages\/385","targetHints":{"allow":["GET"]}}],"collection":[{"href":"https:\/\/wordpress.ligny.martinet.cloud\/index.php\/wp-json\/wp\/v2\/pages"}],"about":[{"href":"https:\/\/wordpress.ligny.martinet.cloud\/index.php\/wp-json\/wp\/v2\/types\/page"}],"author":[{"embeddable":true,"href":"https:\/\/wordpress.ligny.martinet.cloud\/index.php\/wp-json\/wp\/v2\/users\/1"}],"replies":[{"embeddable":true,"href":"https:\/\/wordpress.ligny.martinet.cloud\/index.php\/wp-json\/wp\/v2\/comments?post=385"}],"version-history":[{"count":0,"href":"https:\/\/wordpress.ligny.martinet.cloud\/index.php\/wp-json\/wp\/v2\/pages\/385\/revisions"}],"up":[{"embeddable":true,"href":"https:\/\/wordpress.ligny.martinet.cloud\/index.php\/wp-json\/wp\/v2\/pages\/370"}],"wp:attachment":[{"href":"https:\/\/wordpress.ligny.martinet.cloud\/index.php\/wp-json\/wp\/v2\/media?parent=385"}],"curies":[{"name":"wp","href":"https:\/\/api.w.org\/{rel}","templated":true}]}}