{"id":1187,"date":"2022-11-14T22:53:53","date_gmt":"2022-11-14T21:53:53","guid":{"rendered":"https:\/\/www.kananas.com\/meusevergerstraditions7563\/espace-perso\/"},"modified":"2022-11-14T22:53:53","modified_gmt":"2022-11-14T21:53:53","slug":"espace-perso","status":"publish","type":"page","link":"https:\/\/wordpress.ligny.martinet.cloud\/index.php\/espace-perso\/","title":{"rendered":"Espace perso"},"content":{"rendered":"\n<p>Vous \u00eates membre de l&rsquo;Association Meuse Vergers Traditions, vous avez la possibilit\u00e9 de vous connecter sur votre &lsquo;espace personnel&rsquo;. En cas de perte ou d&rsquo;oubli, demander la r\u00e9initialisation de votre identifiant et mot de passe par le menu &lsquo;<a href=\"https:\/\/www.kananas.com\/meusevergerstraditions\/contact\/\" data-type=\"page\" data-id=\"21\">Contact<\/a>&lsquo;.<\/p>\n\n\n<p>[iframe src=\u00a0\u00bbhttps:\/\/backoffice.kananas.com\/action_manager.php?event=member_connect&amp;front=1&Prime; frameborder=\u00a0\u00bb0&Prime; width=\u00a0\u00bb100%\u00a0\u00bb height=\u00a0\u00bb800&Prime; scrolling=\u00a0\u00bbauto\u00a0\u00bb]<\/p>","protected":false},"excerpt":{"rendered":"<p>Vous \u00eates membre de l&rsquo;Association Meuse Vergers Traditions, vous avez la possibilit\u00e9 de vous connecter sur votre &lsquo;espace personnel&rsquo;. En cas de perte ou d&rsquo;oubli, demander la r\u00e9initialisation de votre identifiant et mot de passe par le menu &lsquo;Contact&lsquo;. [iframe src=\u00a0\u00bbhttps:\/\/backoffice.kananas.com\/action_manager.php?event=member_connect&amp;front=1&Prime; frameborder=\u00a0\u00bb0&Prime; width=\u00a0\u00bb100%\u00a0\u00bb height=\u00a0\u00bb800&Prime; scrolling=\u00a0\u00bbauto\u00a0\u00bb]<\/p>\n","protected":false},"author":1,"featured_media":0,"parent":0,"menu_order":0,"comment_status":"closed","ping_status":"closed","template":"","meta":{"footnotes":""},"class_list":["post-1187","page","type-page","status-publish","hentry"],"_links":{"self":[{"href":"https:\/\/wordpress.ligny.martinet.cloud\/index.php\/wp-json\/wp\/v2\/pages\/1187","targetHints":{"allow":["GET"]}}],"collection":[{"href":"https:\/\/wordpress.ligny.martinet.cloud\/index.php\/wp-json\/wp\/v2\/pages"}],"about":[{"href":"https:\/\/wordpress.ligny.martinet.cloud\/index.php\/wp-json\/wp\/v2\/types\/page"}],"author":[{"embeddable":true,"href":"https:\/\/wordpress.ligny.martinet.cloud\/index.php\/wp-json\/wp\/v2\/users\/1"}],"replies":[{"embeddable":true,"href":"https:\/\/wordpress.ligny.martinet.cloud\/index.php\/wp-json\/wp\/v2\/comments?post=1187"}],"version-history":[{"count":0,"href":"https:\/\/wordpress.ligny.martinet.cloud\/index.php\/wp-json\/wp\/v2\/pages\/1187\/revisions"}],"wp:attachment":[{"href":"https:\/\/wordpress.ligny.martinet.cloud\/index.php\/wp-json\/wp\/v2\/media?parent=1187"}],"curies":[{"name":"wp","href":"https:\/\/api.w.org\/{rel}","templated":true}]}}